{"id":200,"date":"2021-09-13T14:29:44","date_gmt":"2021-09-13T14:29:44","guid":{"rendered":"https:\/\/yogaschulebasel.ch\/?page_id=200"},"modified":"2026-03-31T10:53:11","modified_gmt":"2026-03-31T10:53:11","slug":"anmeldung","status":"publish","type":"page","link":"https:\/\/yogaschulebasel.ch\/index.php\/anmeldung\/","title":{"rendered":"Anmeldung"},"content":{"rendered":"\n<h3 class=\"wp-block-heading\" id=\"anmeldung-zu-den-kursen\">Anmeldung zu den Kursen<\/h3>\n\n\n\n<p>Eine \u00dcbersicht der aktuellen Kurse befindet sich <strong>unter <\/strong>dem Anmeldungsformular.<\/p>\n\n\n\n<div class=\"wp-block-contact-form-7-contact-form-selector\">\n<div class=\"wpcf7 no-js\" id=\"wpcf7-f373-o1\" lang=\"de-DE\" dir=\"ltr\">\n<div class=\"screen-reader-response\"><p role=\"status\" aria-live=\"polite\" aria-atomic=\"true\"><\/p> <ul><\/ul><\/div>\n<form action=\"\/index.php\/wp-json\/wp\/v2\/pages\/200#wpcf7-f373-o1\" method=\"post\" class=\"wpcf7-form init\" aria-label=\"Kontaktformular\" novalidate=\"novalidate\" data-status=\"init\">\n<div style=\"display: none;\">\n<input type=\"hidden\" name=\"_wpcf7\" value=\"373\" \/>\n<input type=\"hidden\" name=\"_wpcf7_version\" value=\"5.9.8\" \/>\n<input type=\"hidden\" name=\"_wpcf7_locale\" value=\"de_DE\" \/>\n<input type=\"hidden\" name=\"_wpcf7_unit_tag\" value=\"wpcf7-f373-o1\" \/>\n<input type=\"hidden\" name=\"_wpcf7_container_post\" value=\"0\" \/>\n<input type=\"hidden\" name=\"_wpcf7_posted_data_hash\" value=\"\" \/>\n<\/div>\n<p><label> Vorname\/Name:<br \/>\n<span class=\"wpcf7-form-control-wrap\" data-name=\"your-name\"><input size=\"40\" maxlength=\"400\" class=\"wpcf7-form-control wpcf7-text wpcf7-validates-as-required\" aria-required=\"true\" aria-invalid=\"false\" value=\"\" type=\"text\" name=\"your-name\" \/><\/span> <\/label>\n<\/p>\n<p><label> E-Mail-Adresse<br \/>\n<span class=\"wpcf7-form-control-wrap\" data-name=\"your-email\"><input size=\"40\" maxlength=\"400\" class=\"wpcf7-form-control wpcf7-email wpcf7-validates-as-required wpcf7-text wpcf7-validates-as-email\" aria-required=\"true\" aria-invalid=\"false\" value=\"\" type=\"email\" name=\"your-email\" \/><\/span> <\/label><br \/>\n<label> Tel.<br \/>\n<span class=\"wpcf7-form-control-wrap\" data-name=\"tel-473\"><input size=\"40\" maxlength=\"400\" class=\"wpcf7-form-control wpcf7-tel wpcf7-text wpcf7-validates-as-tel\" aria-invalid=\"false\" value=\"\" type=\"tel\" name=\"tel-473\" \/><\/span><\/label><br \/>\n<label> Gew\u00fcnschter Kurs<br \/>\n<span class=\"wpcf7-form-control-wrap\" data-name=\"menu-39\"><select class=\"wpcf7-form-control wpcf7-select\" aria-invalid=\"false\" name=\"menu-39\"><option value=\"\">&#8211; Bitte ausw\u00e4hlen &#8211;<\/option><option value=\"Dienstag, 10.00 \u2013 11.00 h Sanfter Yoga 65 plus\">Dienstag, 10.00 \u2013 11.00 h Sanfter Yoga 65 plus<\/option><option value=\"Dienstag, 17.00 \u2013 18.15 h Hatha Yoga mit Meditation\">Dienstag, 17.00 \u2013 18.15 h Hatha Yoga mit Meditation<\/option><option value=\"Mittwoch, 9.00 \u2013 10.00 h Yoga f\u00fcr den R\u00fccken\">Mittwoch, 9.00 \u2013 10.00 h Yoga f\u00fcr den R\u00fccken<\/option><option value=\"Freitag, 16.30 \u2013 17.45 h Yoga Nidra mit Kl\u00e4ngen Yoga\">Freitag, 16.30 \u2013 17.45 h Yoga Nidra mit Kl\u00e4ngen Yoga<\/option><option value=\"Sonntag, 9.30 \u2013 11.00 h Yoga mit Tiefenentspannung\">Sonntag, 9.30 \u2013 11.00 h Yoga mit Tiefenentspannung<\/option><\/select><\/span> <\/label>\n<\/p>\n<p><input class=\"wpcf7-form-control wpcf7-submit has-spinner\" type=\"submit\" value=\"Senden\" \/>\n<\/p><p style=\"display: none !important;\" class=\"akismet-fields-container\" data-prefix=\"_wpcf7_ak_\"><label>&#916;<textarea name=\"_wpcf7_ak_hp_textarea\" cols=\"45\" rows=\"8\" maxlength=\"100\"><\/textarea><\/label><input type=\"hidden\" id=\"ak_js_1\" name=\"_wpcf7_ak_js\" value=\"217\"\/><script>document.getElementById( \"ak_js_1\" ).setAttribute( \"value\", ( new Date() ).getTime() );<\/script><\/p><div class=\"wpcf7-response-output\" aria-hidden=\"true\"><\/div>\n<\/form>\n<\/div>\n<\/div>\n\n\n\n<p>Vielen Dank f\u00fcr Ihr Interesse an meinen Kursen. Ich melde mich so bald wie m\u00f6glich und teile Ihnen mit, ob Sie im gew\u00fcnschten Kurs Platz haben.<\/p>\n\n\n\n\n\n\n\n<h3 class=\"wp-block-heading\" id=\"kurse\">Kurse ab 1.4.2026: \u00a0\u00a0\u00a0<\/h3>\n\n\n\n<h4 class=\"wp-block-heading\" id=\"montag-und-dienstag\">Dienstag und Mittwoch<\/h4>\n\n\n\n<figure class=\"wp-block-table\"><table class=\"has-fixed-layout\"><thead><tr><th>Zeit<\/th><th>Dienstag<br>Yogastudio, H\u00fcningerstr. 4<\/th><th>Mittwoch<br>Yogastudio, H\u00fcningerstr. 4<\/th><\/tr><\/thead><tbody><tr><td> 9.00 &#8211; 10.00 <\/td><td><\/td><td>Yoga f\u00fcr den R\u00fccken, auch Online<\/td><\/tr><tr><td>10.00 &#8211; 11.00<\/td><td>Sanfter Yoga 65plus<\/td><td><\/td><\/tr><tr><td>17.00 &#8211; 18.15<\/td><td>Yoga mit Meditation<\/td><td><\/td><\/tr><\/tbody><\/table><\/figure>\n\n\n\n<p><strong>Freitag und Sonntag<\/strong><\/p>\n\n\n\n<figure class=\"wp-block-table\"><table class=\"has-fixed-layout\"><thead><tr><th>Zeit<\/th><th>Freitag<br>Yoga Atelier, Petersgasse 32<\/th><th>Sonntag<br>Yogastudio, H\u00fcningerstr. 4<\/th><\/tr><\/thead><tbody><tr><td>9.30 &#8211; 11.00<\/td><td><\/td><td><\/td><\/tr><tr><td>16.30 &#8211; 17.45<\/td><td>Yoga Nidra mit Kl\u00e4ngen<br>2026: 24.4., 29.5.<\/td><td><\/td><\/tr><\/tbody><\/table><\/figure>\n\n\n\n\n\n\n\n<hr class=\"wp-block-separator has-css-opacity is-style-wide\"\/>\n\n\n\n\n","protected":false},"excerpt":{"rendered":"<p>Anmeldung zu den Kursen Eine \u00dcbersicht der aktuellen Kurse befindet sich unter dem Anmeldungsformular. Vielen Dank f\u00fcr Ihr Interesse an meinen Kursen. Ich melde mich so bald wie m\u00f6glich und teile Ihnen mit, ob Sie im gew\u00fcnschten Kurs Platz haben. Kurse ab 1.4.2026: \u00a0\u00a0\u00a0 Dienstag und Mittwoch Zeit DienstagYogastudio, H\u00fcningerstr. 4 MittwochYogastudio, H\u00fcningerstr. 4 9.00 [&hellip;]<\/p>\n","protected":false},"author":1,"featured_media":0,"parent":0,"menu_order":0,"comment_status":"closed","ping_status":"closed","template":"","meta":{"footnotes":""},"class_list":["post-200","page","type-page","status-publish","hentry"],"_links":{"self":[{"href":"https:\/\/yogaschulebasel.ch\/index.php\/wp-json\/wp\/v2\/pages\/200","targetHints":{"allow":["GET"]}}],"collection":[{"href":"https:\/\/yogaschulebasel.ch\/index.php\/wp-json\/wp\/v2\/pages"}],"about":[{"href":"https:\/\/yogaschulebasel.ch\/index.php\/wp-json\/wp\/v2\/types\/page"}],"author":[{"embeddable":true,"href":"https:\/\/yogaschulebasel.ch\/index.php\/wp-json\/wp\/v2\/users\/1"}],"replies":[{"embeddable":true,"href":"https:\/\/yogaschulebasel.ch\/index.php\/wp-json\/wp\/v2\/comments?post=200"}],"version-history":[{"count":20,"href":"https:\/\/yogaschulebasel.ch\/index.php\/wp-json\/wp\/v2\/pages\/200\/revisions"}],"predecessor-version":[{"id":888,"href":"https:\/\/yogaschulebasel.ch\/index.php\/wp-json\/wp\/v2\/pages\/200\/revisions\/888"}],"wp:attachment":[{"href":"https:\/\/yogaschulebasel.ch\/index.php\/wp-json\/wp\/v2\/media?parent=200"}],"curies":[{"name":"wp","href":"https:\/\/api.w.org\/{rel}","templated":true}]}}