{"id":27,"date":"2021-08-04T16:49:41","date_gmt":"2021-08-04T16:49:41","guid":{"rendered":"https:\/\/yogaschulebasel.ch\/?page_id=27"},"modified":"2022-04-04T15:03:10","modified_gmt":"2022-04-04T15:03:10","slug":"home","status":"publish","type":"page","link":"https:\/\/yogaschulebasel.ch\/","title":{"rendered":"Home"},"content":{"rendered":"\n<p><strong>YOGA &#8211; Ein Weg zum Selbst<\/strong><br>Yoga ist ein Weg, der von aussen nach innen f\u00fchrt. \u00dcber K\u00f6rper-, Atem\u00fcbungen und achtsamer gedanklicher Ausrichtung f\u00fchrt dieser zum besseren Verst\u00e4ndnis seines Selbst.<br>Mein Hatha Yoga Unterricht ist f\u00fcr alle, die Bewegung, Atembewusstheit und Entspannung suchen. In meinem Unterricht stehen die \u00dcbenden im Mittelpunkt. Es geht nicht darum, die perfekte Position zu \u00fcben, sondern mit Achtsamkeit, R\u00fccksichtnahme und Respekt gegen\u00fcber den eigenen Grenzen diejenige Haltung zu praktizieren, die m\u00f6glich ist. Die Kurse sind f\u00fcr Erwachsene jeden Alters.<br><\/p>\n\n\n\n\n","protected":false},"excerpt":{"rendered":"<p>YOGA &#8211; Ein Weg zum SelbstYoga ist ein Weg, der von aussen nach innen f\u00fchrt. \u00dcber K\u00f6rper-, Atem\u00fcbungen und achtsamer gedanklicher Ausrichtung f\u00fchrt dieser zum besseren Verst\u00e4ndnis seines Selbst.Mein Hatha Yoga Unterricht ist f\u00fcr alle, die Bewegung, Atembewusstheit und Entspannung suchen. In meinem Unterricht stehen die \u00dcbenden im Mittelpunkt. Es geht nicht darum, die perfekte [&hellip;]<\/p>\n","protected":false},"author":1,"featured_media":31,"parent":0,"menu_order":0,"comment_status":"closed","ping_status":"closed","template":"","meta":{"footnotes":""},"class_list":["post-27","page","type-page","status-publish","has-post-thumbnail","hentry"],"_links":{"self":[{"href":"https:\/\/yogaschulebasel.ch\/index.php\/wp-json\/wp\/v2\/pages\/27","targetHints":{"allow":["GET"]}}],"collection":[{"href":"https:\/\/yogaschulebasel.ch\/index.php\/wp-json\/wp\/v2\/pages"}],"about":[{"href":"https:\/\/yogaschulebasel.ch\/index.php\/wp-json\/wp\/v2\/types\/page"}],"author":[{"embeddable":true,"href":"https:\/\/yogaschulebasel.ch\/index.php\/wp-json\/wp\/v2\/users\/1"}],"replies":[{"embeddable":true,"href":"https:\/\/yogaschulebasel.ch\/index.php\/wp-json\/wp\/v2\/comments?post=27"}],"version-history":[{"count":8,"href":"https:\/\/yogaschulebasel.ch\/index.php\/wp-json\/wp\/v2\/pages\/27\/revisions"}],"predecessor-version":[{"id":694,"href":"https:\/\/yogaschulebasel.ch\/index.php\/wp-json\/wp\/v2\/pages\/27\/revisions\/694"}],"wp:featuredmedia":[{"embeddable":true,"href":"https:\/\/yogaschulebasel.ch\/index.php\/wp-json\/wp\/v2\/media\/31"}],"wp:attachment":[{"href":"https:\/\/yogaschulebasel.ch\/index.php\/wp-json\/wp\/v2\/media?parent=27"}],"curies":[{"name":"wp","href":"https:\/\/api.w.org\/{rel}","templated":true}]}}