{"id":37,"date":"2021-08-04T16:54:35","date_gmt":"2021-08-04T16:54:35","guid":{"rendered":"https:\/\/yogaschulebasel.ch\/?page_id=37"},"modified":"2024-08-21T14:25:32","modified_gmt":"2024-08-21T14:25:32","slug":"sanfter-yoga-65-plus","status":"publish","type":"page","link":"https:\/\/yogaschulebasel.ch\/index.php\/sanfter-yoga-65-plus\/","title":{"rendered":"Sanfter Yoga 65 plus"},"content":{"rendered":"\n<p>Yoga ist ein bewusster, kreativer Weg mit den Ver\u00e4nderungen des \u00c4lterwerdens umzugehen. Durch das angepasste \u00dcben der verschiedenen Aspekte von Hatha Yoga wird der Energiefluss angeregt, die Beweglichkeit erhalten, Muskelkraft und Knochen gest\u00e4rkt. Die Schulung der Atmungs- und Wahrnehmungsf\u00e4higkeit f\u00fchrt zu einer besseren Atmung, mehr Vitalit\u00e4t und Wohlbefinden.<\/p>\n","protected":false},"excerpt":{"rendered":"<p>Yoga ist ein bewusster, kreativer Weg mit den Ver\u00e4nderungen des \u00c4lterwerdens umzugehen. Durch das angepasste \u00dcben der verschiedenen Aspekte von Hatha Yoga wird der Energiefluss angeregt, die Beweglichkeit erhalten, Muskelkraft und Knochen gest\u00e4rkt. Die Schulung der Atmungs- und Wahrnehmungsf\u00e4higkeit f\u00fchrt zu einer besseren Atmung, mehr Vitalit\u00e4t und Wohlbefinden.<\/p>\n","protected":false},"author":1,"featured_media":286,"parent":0,"menu_order":0,"comment_status":"closed","ping_status":"closed","template":"","meta":{"footnotes":""},"class_list":["post-37","page","type-page","status-publish","has-post-thumbnail","hentry"],"_links":{"self":[{"href":"https:\/\/yogaschulebasel.ch\/index.php\/wp-json\/wp\/v2\/pages\/37","targetHints":{"allow":["GET"]}}],"collection":[{"href":"https:\/\/yogaschulebasel.ch\/index.php\/wp-json\/wp\/v2\/pages"}],"about":[{"href":"https:\/\/yogaschulebasel.ch\/index.php\/wp-json\/wp\/v2\/types\/page"}],"author":[{"embeddable":true,"href":"https:\/\/yogaschulebasel.ch\/index.php\/wp-json\/wp\/v2\/users\/1"}],"replies":[{"embeddable":true,"href":"https:\/\/yogaschulebasel.ch\/index.php\/wp-json\/wp\/v2\/comments?post=37"}],"version-history":[{"count":6,"href":"https:\/\/yogaschulebasel.ch\/index.php\/wp-json\/wp\/v2\/pages\/37\/revisions"}],"predecessor-version":[{"id":791,"href":"https:\/\/yogaschulebasel.ch\/index.php\/wp-json\/wp\/v2\/pages\/37\/revisions\/791"}],"wp:featuredmedia":[{"embeddable":true,"href":"https:\/\/yogaschulebasel.ch\/index.php\/wp-json\/wp\/v2\/media\/286"}],"wp:attachment":[{"href":"https:\/\/yogaschulebasel.ch\/index.php\/wp-json\/wp\/v2\/media?parent=37"}],"curies":[{"name":"wp","href":"https:\/\/api.w.org\/{rel}","templated":true}]}}